{"id":34,"date":"2022-05-31T17:04:35","date_gmt":"2022-05-31T17:04:35","guid":{"rendered":"https:\/\/paisano.com.br\/blog\/?page_id=34"},"modified":"2022-05-31T17:07:23","modified_gmt":"2022-05-31T17:07:23","slug":"quem-sou-eu","status":"publish","type":"page","link":"https:\/\/paisano.com.br\/blog\/quem-sou-eu\/","title":{"rendered":"Quem sou eu"},"content":{"rendered":"<p class=\"estimated-read-time\">Tempo de leitura:<small> menos de 1 minuto<\/small><\/p> <div class=\"wp-block-image\">\n<figure class=\"alignleft size-medium\"><img loading=\"lazy\" decoding=\"async\" width=\"1200\" height=\"1204\" data-attachment-id=\"31\" data-permalink=\"https:\/\/paisano.com.br\/blog\/foto-perfil\/\" data-orig-file=\"https:\/\/i0.wp.com\/paisano.com.br\/blog\/wp-content\/uploads\/2022\/05\/FOTO-PERFIL-e1654015556219.jpeg?fit=1200%2C1204&amp;ssl=1\" data-orig-size=\"1200,1204\" data-comments-opened=\"1\" data-image-meta=\"{&quot;aperture&quot;:&quot;0&quot;,&quot;credit&quot;:&quot;&quot;,&quot;camera&quot;:&quot;&quot;,&quot;caption&quot;:&quot;&quot;,&quot;created_timestamp&quot;:&quot;0&quot;,&quot;copyright&quot;:&quot;&quot;,&quot;focal_length&quot;:&quot;0&quot;,&quot;iso&quot;:&quot;0&quot;,&quot;shutter_speed&quot;:&quot;0&quot;,&quot;title&quot;:&quot;&quot;,&quot;orientation&quot;:&quot;0&quot;}\" data-image-title=\"\" data-image-description=\"\" data-image-caption=\"\" data-medium-file=\"https:\/\/i0.wp.com\/paisano.com.br\/blog\/wp-content\/uploads\/2022\/05\/FOTO-PERFIL-e1654015556219.jpeg?fit=300%2C300&amp;ssl=1\" data-large-file=\"https:\/\/i0.wp.com\/paisano.com.br\/blog\/wp-content\/uploads\/2022\/05\/FOTO-PERFIL-e1654015556219.jpeg?fit=1021%2C1024&amp;ssl=1\" src=\"https:\/\/i0.wp.com\/paisano.com.br\/blog\/wp-content\/uploads\/2022\/05\/FOTO-PERFIL-e1654015556219.jpeg?fit=300%2C300&amp;ssl=1\" alt=\"\" class=\"wp-image-31\" srcset=\"https:\/\/i0.wp.com\/paisano.com.br\/blog\/wp-content\/uploads\/2022\/05\/FOTO-PERFIL-e1654015556219.jpeg?w=1200&amp;ssl=1 1200w, https:\/\/i0.wp.com\/paisano.com.br\/blog\/wp-content\/uploads\/2022\/05\/FOTO-PERFIL-e1654015556219.jpeg?resize=300%2C300&amp;ssl=1 300w, https:\/\/i0.wp.com\/paisano.com.br\/blog\/wp-content\/uploads\/2022\/05\/FOTO-PERFIL-e1654015556219.jpeg?resize=1021%2C1024&amp;ssl=1 1021w, https:\/\/i0.wp.com\/paisano.com.br\/blog\/wp-content\/uploads\/2022\/05\/FOTO-PERFIL-e1654015556219.jpeg?resize=150%2C150&amp;ssl=1 150w, https:\/\/i0.wp.com\/paisano.com.br\/blog\/wp-content\/uploads\/2022\/05\/FOTO-PERFIL-e1654015556219.jpeg?resize=768%2C771&amp;ssl=1 768w, https:\/\/i0.wp.com\/paisano.com.br\/blog\/wp-content\/uploads\/2022\/05\/FOTO-PERFIL-e1654015556219.jpeg?resize=370%2C371&amp;ssl=1 370w, https:\/\/i0.wp.com\/paisano.com.br\/blog\/wp-content\/uploads\/2022\/05\/FOTO-PERFIL-e1654015556219.jpeg?resize=970%2C973&amp;ssl=1 970w\" sizes=\"auto, (max-width: 1075px) 100vw, 1075px\" \/><\/figure>\n<\/div>\n\n\n<p><strong>Quem sou eu<\/strong><\/p>\n\n\n\n<p>William Paisano \u00e9 bacharel em Direito pela Universidade de S\u00e3o Paulo &#8211; USP, com p\u00f3s gradua\u00e7\u00e3o em Direito Tribut\u00e1rio e em Direito Empresarial pela Faculdade IBMEC\/SP, \u00e9 s\u00f3cio-administrador de Escrit\u00f3rio de Advocacia. <\/p>\n\n\n\n<p>Tem tamb\u00e9m experi\u00eancia nas \u00e1reas de responsabilidade civil e contratos imobili\u00e1rios.<\/p>\n\n\n\n<p>Atuou como volunt\u00e1rio no Departamento Jur\u00eddico XI de Agosto da Faculdade de Direito da USP, prestando servi\u00e7os para pessoas de baixa renda, ficando respons\u00e1vel por processos nas \u00e1reas c\u00edvel e tribut\u00e1ria.<\/p>\n\n\n\n<p><\/p>\n","protected":false},"excerpt":{"rendered":"<p><small> menos de 1 minuto<\/small> Quem sou eu William Paisano \u00e9 bacharel em Direito pela Universidade de S\u00e3o Paulo &#8211; USP, com p\u00f3s gradua\u00e7\u00e3o em Direito Tribut\u00e1rio e em Direito Empresarial pela Faculdade IBMEC\/SP, \u00e9 s\u00f3cio-administrador de Escrit\u00f3rio de Advocacia. Tem tamb\u00e9m experi\u00eancia nas \u00e1reas de responsabilidade civil e contratos imobili\u00e1rios. Atuou como volunt\u00e1rio no Departamento Jur\u00eddico XI de Agosto da Faculdade de Direito da USP, prestando servi\u00e7os para pessoas de baixa renda, ficando respons\u00e1vel por processos nas \u00e1reas c\u00edvel e tribut\u00e1ria.<\/p>\n","protected":false},"author":1,"featured_media":0,"parent":0,"menu_order":0,"comment_status":"closed","ping_status":"closed","template":"","meta":{"jetpack_post_was_ever_published":false,"_joinchat":[],"footnotes":""},"class_list":["entry","author-admin","post-34","page","type-page","status-publish"],"yoast_head":"<!-- This site is optimized with the Yoast SEO plugin v26.9 - https:\/\/yoast.com\/product\/yoast-seo-wordpress\/ -->\n<title>Quem sou eu - Blog<\/title>\n<meta name=\"robots\" content=\"index, follow, max-snippet:-1, max-image-preview:large, max-video-preview:-1\" \/>\n<link rel=\"canonical\" href=\"https:\/\/paisano.com.br\/blog\/quem-sou-eu\/\" \/>\n<meta property=\"og:locale\" content=\"pt_BR\" \/>\n<meta property=\"og:type\" content=\"article\" \/>\n<meta property=\"og:title\" content=\"Quem sou eu - Blog\" \/>\n<meta property=\"og:description\" content=\"menos de 1 minuto Quem sou eu William Paisano \u00e9 bacharel em Direito pela Universidade de S\u00e3o Paulo &#8211; USP, com p\u00f3s gradua\u00e7\u00e3o em Direito Tribut\u00e1rio e em Direito Empresarial pela Faculdade IBMEC\/SP, \u00e9 s\u00f3cio-administrador de Escrit\u00f3rio de Advocacia. Tem tamb\u00e9m experi\u00eancia nas \u00e1reas de responsabilidade civil e contratos imobili\u00e1rios. Atuou como volunt\u00e1rio no Departamento Jur\u00eddico XI de Agosto da Faculdade de Direito da USP, prestando servi\u00e7os para pessoas de baixa renda, ficando respons\u00e1vel por processos nas \u00e1reas c\u00edvel e tribut\u00e1ria.\" \/>\n<meta property=\"og:url\" content=\"https:\/\/paisano.com.br\/blog\/quem-sou-eu\/\" \/>\n<meta property=\"og:site_name\" content=\"Blog\" \/>\n<meta property=\"article:modified_time\" content=\"2022-05-31T17:07:23+00:00\" \/>\n<meta property=\"og:image\" content=\"https:\/\/i0.wp.com\/paisano.com.br\/blog\/wp-content\/uploads\/2022\/05\/FOTO-PERFIL-e1654015556219.jpeg?fit=300%2C300&amp;ssl=1\" \/>\n<meta name=\"twitter:card\" content=\"summary_large_image\" \/>\n<meta name=\"twitter:label1\" content=\"Est. tempo de leitura\" \/>\n\t<meta name=\"twitter:data1\" content=\"1 minuto\" \/>\n<script type=\"application\/ld+json\" class=\"yoast-schema-graph\">{\"@context\":\"https:\/\/schema.org\",\"@graph\":[{\"@type\":\"WebPage\",\"@id\":\"https:\/\/paisano.com.br\/blog\/quem-sou-eu\/\",\"url\":\"https:\/\/paisano.com.br\/blog\/quem-sou-eu\/\",\"name\":\"Quem sou eu - Blog\",\"isPartOf\":{\"@id\":\"https:\/\/paisano.com.br\/blog\/#website\"},\"primaryImageOfPage\":{\"@id\":\"https:\/\/paisano.com.br\/blog\/quem-sou-eu\/#primaryimage\"},\"image\":{\"@id\":\"https:\/\/paisano.com.br\/blog\/quem-sou-eu\/#primaryimage\"},\"thumbnailUrl\":\"https:\/\/i0.wp.com\/paisano.com.br\/blog\/wp-content\/uploads\/2022\/05\/FOTO-PERFIL-e1654015556219.jpeg?fit=300%2C300&amp;ssl=1\",\"datePublished\":\"2022-05-31T17:04:35+00:00\",\"dateModified\":\"2022-05-31T17:07:23+00:00\",\"breadcrumb\":{\"@id\":\"https:\/\/paisano.com.br\/blog\/quem-sou-eu\/#breadcrumb\"},\"inLanguage\":\"pt-BR\",\"potentialAction\":[{\"@type\":\"ReadAction\",\"target\":[\"https:\/\/paisano.com.br\/blog\/quem-sou-eu\/\"]}]},{\"@type\":\"ImageObject\",\"inLanguage\":\"pt-BR\",\"@id\":\"https:\/\/paisano.com.br\/blog\/quem-sou-eu\/#primaryimage\",\"url\":\"https:\/\/i0.wp.com\/paisano.com.br\/blog\/wp-content\/uploads\/2022\/05\/FOTO-PERFIL-e1654015556219.jpeg?fit=300%2C300&amp;ssl=1\",\"contentUrl\":\"https:\/\/i0.wp.com\/paisano.com.br\/blog\/wp-content\/uploads\/2022\/05\/FOTO-PERFIL-e1654015556219.jpeg?fit=300%2C300&amp;ssl=1\"},{\"@type\":\"BreadcrumbList\",\"@id\":\"https:\/\/paisano.com.br\/blog\/quem-sou-eu\/#breadcrumb\",\"itemListElement\":[{\"@type\":\"ListItem\",\"position\":1,\"name\":\"In\u00edcio\",\"item\":\"https:\/\/paisano.com.br\/blog\/\"},{\"@type\":\"ListItem\",\"position\":2,\"name\":\"Quem sou eu\"}]},{\"@type\":\"WebSite\",\"@id\":\"https:\/\/paisano.com.br\/blog\/#website\",\"url\":\"https:\/\/paisano.com.br\/blog\/\",\"name\":\"Blog\",\"description\":\"William Paisano Advocacia\",\"potentialAction\":[{\"@type\":\"SearchAction\",\"target\":{\"@type\":\"EntryPoint\",\"urlTemplate\":\"https:\/\/paisano.com.br\/blog\/?s={search_term_string}\"},\"query-input\":{\"@type\":\"PropertyValueSpecification\",\"valueRequired\":true,\"valueName\":\"search_term_string\"}}],\"inLanguage\":\"pt-BR\"}]}<\/script>\n<!-- \/ Yoast SEO plugin. -->","yoast_head_json":{"title":"Quem sou eu - Blog","robots":{"index":"index","follow":"follow","max-snippet":"max-snippet:-1","max-image-preview":"max-image-preview:large","max-video-preview":"max-video-preview:-1"},"canonical":"https:\/\/paisano.com.br\/blog\/quem-sou-eu\/","og_locale":"pt_BR","og_type":"article","og_title":"Quem sou eu - Blog","og_description":"menos de 1 minuto Quem sou eu William Paisano \u00e9 bacharel em Direito pela Universidade de S\u00e3o Paulo &#8211; USP, com p\u00f3s gradua\u00e7\u00e3o em Direito Tribut\u00e1rio e em Direito Empresarial pela Faculdade IBMEC\/SP, \u00e9 s\u00f3cio-administrador de Escrit\u00f3rio de Advocacia. Tem tamb\u00e9m experi\u00eancia nas \u00e1reas de responsabilidade civil e contratos imobili\u00e1rios. Atuou como volunt\u00e1rio no Departamento Jur\u00eddico XI de Agosto da Faculdade de Direito da USP, prestando servi\u00e7os para pessoas de baixa renda, ficando respons\u00e1vel por processos nas \u00e1reas c\u00edvel e tribut\u00e1ria.","og_url":"https:\/\/paisano.com.br\/blog\/quem-sou-eu\/","og_site_name":"Blog","article_modified_time":"2022-05-31T17:07:23+00:00","og_image":[{"url":"https:\/\/i0.wp.com\/paisano.com.br\/blog\/wp-content\/uploads\/2022\/05\/FOTO-PERFIL-e1654015556219.jpeg?fit=300%2C300&amp;ssl=1","type":"","width":"","height":""}],"twitter_card":"summary_large_image","twitter_misc":{"Est. tempo de leitura":"1 minuto"},"schema":{"@context":"https:\/\/schema.org","@graph":[{"@type":"WebPage","@id":"https:\/\/paisano.com.br\/blog\/quem-sou-eu\/","url":"https:\/\/paisano.com.br\/blog\/quem-sou-eu\/","name":"Quem sou eu - Blog","isPartOf":{"@id":"https:\/\/paisano.com.br\/blog\/#website"},"primaryImageOfPage":{"@id":"https:\/\/paisano.com.br\/blog\/quem-sou-eu\/#primaryimage"},"image":{"@id":"https:\/\/paisano.com.br\/blog\/quem-sou-eu\/#primaryimage"},"thumbnailUrl":"https:\/\/i0.wp.com\/paisano.com.br\/blog\/wp-content\/uploads\/2022\/05\/FOTO-PERFIL-e1654015556219.jpeg?fit=300%2C300&amp;ssl=1","datePublished":"2022-05-31T17:04:35+00:00","dateModified":"2022-05-31T17:07:23+00:00","breadcrumb":{"@id":"https:\/\/paisano.com.br\/blog\/quem-sou-eu\/#breadcrumb"},"inLanguage":"pt-BR","potentialAction":[{"@type":"ReadAction","target":["https:\/\/paisano.com.br\/blog\/quem-sou-eu\/"]}]},{"@type":"ImageObject","inLanguage":"pt-BR","@id":"https:\/\/paisano.com.br\/blog\/quem-sou-eu\/#primaryimage","url":"https:\/\/i0.wp.com\/paisano.com.br\/blog\/wp-content\/uploads\/2022\/05\/FOTO-PERFIL-e1654015556219.jpeg?fit=300%2C300&amp;ssl=1","contentUrl":"https:\/\/i0.wp.com\/paisano.com.br\/blog\/wp-content\/uploads\/2022\/05\/FOTO-PERFIL-e1654015556219.jpeg?fit=300%2C300&amp;ssl=1"},{"@type":"BreadcrumbList","@id":"https:\/\/paisano.com.br\/blog\/quem-sou-eu\/#breadcrumb","itemListElement":[{"@type":"ListItem","position":1,"name":"In\u00edcio","item":"https:\/\/paisano.com.br\/blog\/"},{"@type":"ListItem","position":2,"name":"Quem sou eu"}]},{"@type":"WebSite","@id":"https:\/\/paisano.com.br\/blog\/#website","url":"https:\/\/paisano.com.br\/blog\/","name":"Blog","description":"William Paisano Advocacia","potentialAction":[{"@type":"SearchAction","target":{"@type":"EntryPoint","urlTemplate":"https:\/\/paisano.com.br\/blog\/?s={search_term_string}"},"query-input":{"@type":"PropertyValueSpecification","valueRequired":true,"valueName":"search_term_string"}}],"inLanguage":"pt-BR"}]}},"jetpack-related-posts":[],"jetpack_sharing_enabled":true,"jetpack_likes_enabled":true,"_links":{"self":[{"href":"https:\/\/paisano.com.br\/blog\/wp-json\/wp\/v2\/pages\/34","targetHints":{"allow":["GET"]}}],"collection":[{"href":"https:\/\/paisano.com.br\/blog\/wp-json\/wp\/v2\/pages"}],"about":[{"href":"https:\/\/paisano.com.br\/blog\/wp-json\/wp\/v2\/types\/page"}],"author":[{"embeddable":true,"href":"https:\/\/paisano.com.br\/blog\/wp-json\/wp\/v2\/users\/1"}],"replies":[{"embeddable":true,"href":"https:\/\/paisano.com.br\/blog\/wp-json\/wp\/v2\/comments?post=34"}],"version-history":[{"count":1,"href":"https:\/\/paisano.com.br\/blog\/wp-json\/wp\/v2\/pages\/34\/revisions"}],"predecessor-version":[{"id":36,"href":"https:\/\/paisano.com.br\/blog\/wp-json\/wp\/v2\/pages\/34\/revisions\/36"}],"wp:attachment":[{"href":"https:\/\/paisano.com.br\/blog\/wp-json\/wp\/v2\/media?parent=34"}],"curies":[{"name":"wp","href":"https:\/\/api.w.org\/{rel}","templated":true}]}}